{"id":750,"date":"2026-02-03T21:16:57","date_gmt":"2026-02-03T21:16:57","guid":{"rendered":"https:\/\/ibellavistosa.com\/?page_id=750"},"modified":"2026-02-09T18:26:27","modified_gmt":"2026-02-09T18:26:27","slug":"kontakt","status":"publish","type":"page","link":"https:\/\/ibellavistosa.com\/de\/kontakt\/","title":{"rendered":"Kontakt"},"content":{"rendered":"<style>.elementor-750 .elementor-element.elementor-element-4a66837:not(.elementor-motion-effects-element-type-background), .elementor-750 .elementor-element.elementor-element-4a66837 > .elementor-motion-effects-container > .elementor-motion-effects-layer{background-image:url(\"https:\/\/ibellavistosa.com\/wp-content\/uploads\/2026\/02\/western-woman-boat-texting-from-river-ganges-scaled.jpg\");background-position:center center;background-size:cover;}.elementor-750 .elementor-element.elementor-element-4a66837 > .elementor-background-overlay{background-color:#000000;opacity:0.5;transition:background 0.3s, border-radius 0.3s, opacity 0.3s;}.elementor-750 .elementor-element.elementor-element-4a66837 > .elementor-container{max-width:1240px;}.elementor-750 .elementor-element.elementor-element-4a66837{transition:background 0.3s, border 0.3s, border-radius 0.3s, box-shadow 0.3s;padding:200px 0px 100px 0px;}.elementor-750 .elementor-element.elementor-element-46ae3f6b > .elementor-container{max-width:1240px;}.elementor-750 .elementor-element.elementor-element-46ae3f6b{padding:0% 50% 0% 0%;}.elementor-750 .elementor-element.elementor-element-5e756754 > .elementor-element-populated{margin:0px 0px 0px 0px;--e-column-margin-right:0px;--e-column-margin-left:0px;}.elementor-750 .elementor-element.elementor-element-3f610354{width:auto;max-width:auto;background-color:#FFFFFF0D;margin:0px 0px calc(var(--kit-widget-spacing, 0px) + 20px) 0px;padding:6px 20px 6px 20px;border-style:solid;border-width:1px 1px 1px 1px;border-color:#FFFFFF36;border-radius:50px 50px 50px 50px;--e-icon-list-icon-size:12px;--icon-vertical-offset:0px;}.elementor-750 .elementor-element.elementor-element-3f610354.elementor-widget, .elementor-750 .elementor-element.elementor-element-3f610354.elementor-widget > *{position:relative;--jkit-option-enabled:4px;}.elementor-750 .elementor-element.elementor-element-3f610354.elementor-widget::before{content:\"\";width:100%;height:100%;position:absolute;left:0;top:0;-webkit-backdrop-filter:blur(4px);backdrop-filter:blur(4px);border-radius:inherit;background-color:inherit;}.elementor-750 .elementor-element.elementor-element-3f610354 .elementor-icon-list-items:not(.elementor-inline-items) .elementor-icon-list-item:not(:last-child){padding-block-end:calc(10px\/2);}.elementor-750 .elementor-element.elementor-element-3f610354 .elementor-icon-list-items:not(.elementor-inline-items) .elementor-icon-list-item:not(:first-child){margin-block-start:calc(10px\/2);}.elementor-750 .elementor-element.elementor-element-3f610354 .elementor-icon-list-items.elementor-inline-items .elementor-icon-list-item{margin-inline:calc(10px\/2);}.elementor-750 .elementor-element.elementor-element-3f610354 .elementor-icon-list-items.elementor-inline-items{margin-inline:calc(-10px\/2);}.elementor-750 .elementor-element.elementor-element-3f610354 .elementor-icon-list-items.elementor-inline-items .elementor-icon-list-item:after{inset-inline-end:calc(-10px\/2);}.elementor-750 .elementor-element.elementor-element-3f610354 .elementor-icon-list-icon i{color:#FFFFFF;transition:color 0.3s;}.elementor-750 .elementor-element.elementor-element-3f610354 .elementor-icon-list-icon svg{fill:#FFFFFF;transition:fill 0.3s;}.elementor-750 .elementor-element.elementor-element-3f610354 .elementor-icon-list-icon{padding-inline-end:2px;}.elementor-750 .elementor-element.elementor-element-3f610354 .elementor-icon-list-item > .elementor-icon-list-text, .elementor-750 .elementor-element.elementor-element-3f610354 .elementor-icon-list-item > a{font-family:var( --e-global-typography-32f6ee8-font-family ), Sans-serif;font-size:var( --e-global-typography-32f6ee8-font-size );font-weight:var( --e-global-typography-32f6ee8-font-weight );letter-spacing:var( --e-global-typography-32f6ee8-letter-spacing );}.elementor-750 .elementor-element.elementor-element-3f610354 .elementor-icon-list-text{color:#FFFFFF;transition:color 0.3s;}.elementor-750 .elementor-element.elementor-element-6d9f5a43 .elementor-heading-title{font-family:\"Gilda Display\", Sans-serif;font-size:62px;font-weight:600;line-height:1em;color:#FFFFFF;}.elementor-750 .elementor-element.elementor-element-fc96465 > .elementor-container{max-width:1240px;}.elementor-750 .elementor-element.elementor-element-fc96465{margin-top:0px;margin-bottom:0px;padding:100px 0px 60px 0px;}.elementor-750 .elementor-element.elementor-element-3b1990db > .elementor-container{max-width:1240px;}.elementor-750 .elementor-element.elementor-element-2d005259 > .elementor-element-populated{margin:0px 0px 0px 0px;--e-column-margin-right:0px;--e-column-margin-left:0px;}.elementor-750 .elementor-element.elementor-element-63d6a15d{width:var( --container-widget-width, 610px );max-width:610px;--container-widget-width:610px;--container-widget-flex-grow:0;}.elementor-750 .elementor-element.elementor-element-63d6a15d .elementor-heading-title{font-family:\"Gilda Display\", Sans-serif;font-size:45px;font-weight:600;line-height:1em;color:var( --e-global-color-3900b79 );}.elementor-750 .elementor-element.elementor-element-7ef6024b > .elementor-element-populated{margin:0px 0px 0px 60px;--e-column-margin-right:0px;--e-column-margin-left:60px;}.elementor-750 .elementor-element.elementor-element-4edfbe8b{margin:0px 0px calc(var(--kit-widget-spacing, 0px) + 0px) 0px;text-align:start;font-family:var( --e-global-typography-text-font-family ), Sans-serif;font-size:var( --e-global-typography-text-font-size );font-weight:var( --e-global-typography-text-font-weight );letter-spacing:var( --e-global-typography-text-letter-spacing );}.elementor-750 .elementor-element.elementor-element-60e16bc{--display:flex;--flex-direction:row;--container-widget-width:calc( ( 1 - var( --container-widget-flex-grow ) ) * 100% );--container-widget-height:100%;--container-widget-flex-grow:1;--container-widget-align-self:stretch;--flex-wrap-mobile:wrap;--align-items:stretch;--gap:0px 0px;--row-gap:0px;--column-gap:0px;--margin-top:0px;--margin-bottom:100px;--margin-left:0px;--margin-right:0px;--z-index:2;}.elementor-750 .elementor-element.elementor-element-5d7aa3f{--display:flex;--border-radius:20px 20px 20px 20px;--padding-top:50px;--padding-bottom:50px;--padding-left:50px;--padding-right:50px;}.elementor-750 .elementor-element.elementor-element-5d7aa3f:not(.elementor-motion-effects-element-type-background), .elementor-750 .elementor-element.elementor-element-5d7aa3f > .elementor-motion-effects-container > .elementor-motion-effects-layer{background-color:var( --e-global-color-3900b79 );}:root{--page-title-display:none;}@media(max-width:1024px){.elementor-750 .elementor-element.elementor-element-4a66837{padding:180px 0px 80px 0px;}.elementor-750 .elementor-element.elementor-element-78c6740f > .elementor-element-populated{padding:0px 20px 0px 20px;}.elementor-750 .elementor-element.elementor-element-46ae3f6b{padding:0% 0% 0% 0%;}.elementor-750 .elementor-element.elementor-element-3f610354 .elementor-icon-list-item > .elementor-icon-list-text, .elementor-750 .elementor-element.elementor-element-3f610354 .elementor-icon-list-item > a{font-size:var( --e-global-typography-32f6ee8-font-size );letter-spacing:var( --e-global-typography-32f6ee8-letter-spacing );}.elementor-750 .elementor-element.elementor-element-6d9f5a43 .elementor-heading-title{font-size:54px;}.elementor-750 .elementor-element.elementor-element-fc96465{padding:100px 20px 40px 20px;}.elementor-750 .elementor-element.elementor-element-2d005259 > .elementor-element-populated{margin:0px 0px 10px 0px;--e-column-margin-right:0px;--e-column-margin-left:0px;}.elementor-750 .elementor-element.elementor-element-63d6a15d .elementor-heading-title{line-height:1em;}.elementor-750 .elementor-element.elementor-element-7ef6024b > .elementor-element-populated{margin:0px 0px 0px 0px;--e-column-margin-right:0px;--e-column-margin-left:0px;}.elementor-750 .elementor-element.elementor-element-4edfbe8b{font-size:var( --e-global-typography-text-font-size );letter-spacing:var( --e-global-typography-text-letter-spacing );}.elementor-750 .elementor-element.elementor-element-60e16bc{--padding-top:0px;--padding-bottom:0px;--padding-left:20px;--padding-right:20px;}}@media(max-width:767px){.elementor-750 .elementor-element.elementor-element-78c6740f > .elementor-element-populated{padding:0px 10px 0px 10px;}.elementor-750 .elementor-element.elementor-element-3f610354 .elementor-icon-list-item > .elementor-icon-list-text, .elementor-750 .elementor-element.elementor-element-3f610354 .elementor-icon-list-item > a{font-size:var( --e-global-typography-32f6ee8-font-size );letter-spacing:var( --e-global-typography-32f6ee8-letter-spacing );}.elementor-750 .elementor-element.elementor-element-6d9f5a43 .elementor-heading-title{font-size:46px;}.elementor-750 .elementor-element.elementor-element-fc96465{padding:80px 10px 20px 10px;}.elementor-750 .elementor-element.elementor-element-63d6a15d .elementor-heading-title{font-size:40px;line-height:1em;}.elementor-750 .elementor-element.elementor-element-4edfbe8b{font-size:var( --e-global-typography-text-font-size );letter-spacing:var( --e-global-typography-text-letter-spacing );}.elementor-750 .elementor-element.elementor-element-60e16bc{--padding-top:0px;--padding-bottom:0px;--padding-left:10px;--padding-right:10px;}.elementor-750 .elementor-element.elementor-element-5d7aa3f{--padding-top:30px;--padding-bottom:0px;--padding-left:30px;--padding-right:30px;}}@media(min-width:768px){.elementor-750 .elementor-element.elementor-element-5e756754{width:100%;}.elementor-750 .elementor-element.elementor-element-2d005259{width:37.499%;}.elementor-750 .elementor-element.elementor-element-7ef6024b{width:62.501%;}.elementor-750 .elementor-element.elementor-element-60e16bc{--content-width:1240px;}}@media(max-width:1024px) and (min-width:768px){.elementor-750 .elementor-element.elementor-element-2d005259{width:100%;}.elementor-750 .elementor-element.elementor-element-7ef6024b{width:100%;}}<\/style>\t\t<div data-elementor-type=\"wp-page\" data-elementor-id=\"750\" class=\"elementor elementor-750\" data-elementor-post-type=\"page\">\n\t\t\t\t\t\t<section class=\"elementor-section elementor-top-section elementor-element elementor-element-4a66837 elementor-section-boxed elementor-section-height-default elementor-section-height-default\" data-id=\"4a66837\" data-element_type=\"section\" data-settings=\"{&quot;background_background&quot;:&quot;classic&quot;}\">\n\t\t\t\t\t\t\t<div class=\"elementor-background-overlay\"><\/div>\n\t\t\t\t\t\t\t<div class=\"elementor-container elementor-column-gap-no\">\n\t\t\t\t\t<div class=\"elementor-column elementor-col-100 elementor-top-column elementor-element elementor-element-78c6740f\" data-id=\"78c6740f\" data-element_type=\"column\">\n\t\t\t<div class=\"elementor-widget-wrap elementor-element-populated\">\n\t\t\t\t\t\t<section class=\"elementor-section elementor-inner-section elementor-element elementor-element-46ae3f6b elementor-section-boxed elementor-section-height-default elementor-section-height-default\" data-id=\"46ae3f6b\" data-element_type=\"section\">\n\t\t\t\t\t\t<div class=\"elementor-container elementor-column-gap-no\">\n\t\t\t\t\t<div class=\"elementor-column elementor-col-100 elementor-inner-column elementor-element elementor-element-5e756754\" data-id=\"5e756754\" data-element_type=\"column\">\n\t\t\t<div class=\"elementor-widget-wrap elementor-element-populated\">\n\t\t\t\t\t\t<div class=\"elementor-element elementor-element-3f610354 elementor-icon-list--layout-inline elementor-widget__width-auto elementor-list-item-link-full_width elementor-widget elementor-widget-icon-list\" data-id=\"3f610354\" data-element_type=\"widget\" data-widget_type=\"icon-list.default\">\n\t\t\t\t\t\t\t<ul class=\"elementor-icon-list-items elementor-inline-items\">\n\t\t\t\t\t\t\t<li class=\"elementor-icon-list-item elementor-inline-item\">\n\t\t\t\t\t\t\t\t\t\t<span class=\"elementor-icon-list-text\">Kontakt<\/span>\n\t\t\t\t\t\t\t\t\t<\/li>\n\t\t\t\t\t\t<\/ul>\n\t\t\t\t\t\t<\/div>\n\t\t\t\t<div class=\"elementor-element elementor-element-6d9f5a43 elementor-widget elementor-widget-heading\" data-id=\"6d9f5a43\" data-element_type=\"widget\" data-widget_type=\"heading.default\">\n\t\t\t\t\t<h2 class=\"elementor-heading-title elementor-size-default\">Verlieren Sie keine Zeit, lassen Sie uns in Kontakt bleiben<\/h2>\t\t\t\t<\/div>\n\t\t\t\t\t<\/div>\n\t\t<\/div>\n\t\t\t\t\t<\/div>\n\t\t<\/section>\n\t\t\t\t\t<\/div>\n\t\t<\/div>\n\t\t\t\t\t<\/div>\n\t\t<\/section>\n\t\t\t\t<section class=\"elementor-section elementor-top-section elementor-element elementor-element-fc96465 elementor-section-boxed elementor-section-height-default elementor-section-height-default\" data-id=\"fc96465\" data-element_type=\"section\">\n\t\t\t\t\t\t<div class=\"elementor-container elementor-column-gap-no\">\n\t\t\t\t\t<div class=\"elementor-column elementor-col-100 elementor-top-column elementor-element elementor-element-1ac9992c\" data-id=\"1ac9992c\" data-element_type=\"column\">\n\t\t\t<div class=\"elementor-widget-wrap elementor-element-populated\">\n\t\t\t\t\t\t<section class=\"elementor-section elementor-inner-section elementor-element elementor-element-3b1990db elementor-section-boxed elementor-section-height-default elementor-section-height-default\" data-id=\"3b1990db\" data-element_type=\"section\">\n\t\t\t\t\t\t<div class=\"elementor-container elementor-column-gap-no\">\n\t\t\t\t\t<div class=\"elementor-column elementor-col-50 elementor-inner-column elementor-element elementor-element-2d005259\" data-id=\"2d005259\" data-element_type=\"column\">\n\t\t\t<div class=\"elementor-widget-wrap elementor-element-populated\">\n\t\t\t\t\t\t<div class=\"elementor-element elementor-element-63d6a15d elementor-widget__width-initial elementor-widget elementor-widget-heading\" data-id=\"63d6a15d\" data-element_type=\"widget\" data-widget_type=\"heading.default\">\n\t\t\t\t\t<h2 class=\"elementor-heading-title elementor-size-default\">Nehmen Sie Kontakt auf - wir k\u00fcmmern uns um den Rest<\/h2>\t\t\t\t<\/div>\n\t\t\t\t\t<\/div>\n\t\t<\/div>\n\t\t\t\t<div class=\"elementor-column elementor-col-50 elementor-inner-column elementor-element elementor-element-7ef6024b\" data-id=\"7ef6024b\" data-element_type=\"column\">\n\t\t\t<div class=\"elementor-widget-wrap elementor-element-populated\">\n\t\t\t\t\t\t<div class=\"elementor-element elementor-element-4edfbe8b elementor-widget elementor-widget-text-editor\" data-id=\"4edfbe8b\" data-element_type=\"widget\" data-widget_type=\"text-editor.default\">\n\t\t\t\t\t\t\t\t\t<p>Erz\u00e4hlen Sie uns kurz von Ihrer Idee f\u00fcr eine Reise in die T\u00fcrkei. Als Antwort erhalten Sie einen ersten Vorschlag f\u00fcr eine Zusammenarbeit oder konkrete Fragen, die es uns erm\u00f6glichen, ein individuelles Angebot f\u00fcr Sie zu erstellen.<\/p>\t\t\t\t\t\t\t\t<\/div>\n\t\t\t\t\t<\/div>\n\t\t<\/div>\n\t\t\t\t\t<\/div>\n\t\t<\/section>\n\t\t\t\t\t<\/div>\n\t\t<\/div>\n\t\t\t\t\t<\/div>\n\t\t<\/section>\n\t\t<div class=\"elementor-element elementor-element-60e16bc e-flex e-con-boxed e-con e-parent\" data-id=\"60e16bc\" data-element_type=\"container\">\n\t\t\t\t\t<div class=\"e-con-inner\">\n\t\t<div class=\"elementor-element elementor-element-5d7aa3f e-con-full e-flex e-con e-child\" data-id=\"5d7aa3f\" data-element_type=\"container\" data-settings=\"{&quot;background_background&quot;:&quot;classic&quot;}\">\n\t\t\t\t<div class=\"elementor-element elementor-element-60e7204 elementor-widget elementor-widget-wpforms\" data-id=\"60e7204\" data-element_type=\"widget\" data-widget_type=\"wpforms.default\">\n\t\t\t\t<div class=\"elementor-widget-container\">\n\t\t\t\t\t<style id=\"wpforms-css-vars-elementor-widget-60e7204\">\n\t\t\t\t.elementor-widget-wpforms.elementor-element-60e7204 {\n\t\t\t\t--wpforms-label-color: #F6F6F6;\n--wpforms-button-border-radius: 22px;\n--wpforms-button-background-color: #F6F6F6;\n--wpforms-background-color: #0E0700;\n--wpforms-button-text-color: #0E0700;\n\t\t\t}\n\t\t\t<\/style><div class=\"wpforms-container wpforms-container-full wpforms-render-modern\" id=\"wpforms-835\"><form id=\"wpforms-form-835\" class=\"wpforms-validate wpforms-form wpforms-ajax-form\" data-formid=\"835\" method=\"post\" enctype=\"multipart\/form-data\" action=\"\/de\/wp-json\/wp\/v2\/pages\/750\" data-token=\"d8faa503aa3e8bd25669e5f667cc28fb\" data-token-time=\"1776431350\" data-trp-original-action=\"\/de\/wp-json\/wp\/v2\/pages\/750\"><noscript class=\"wpforms-error-noscript\">Bitte aktiviere JavaScript in deinem Browser, um dieses Formular fertigzustellen.<\/noscript><div id=\"wpforms-error-noscript\" style=\"display: none;\">Bitte aktiviere JavaScript in deinem Browser, um dieses Formular fertigzustellen.<\/div><div class=\"wpforms-field-container\">\t\t<div id=\"wpforms-835-field_6-container\"\n\t\t\tclass=\"wpforms-field wpforms-field-text\"\n\t\t\tdata-field-type=\"text\"\n\t\t\tdata-field-id=\"6\"\n\t\t\t>\n\t\t\t<label class=\"wpforms-field-label\" for=\"wpforms-835-field_6\" >i Telefon Adres<\/label>\n\t\t\t<input type=\"text\" id=\"wpforms-835-field_6\" class=\"wpforms-field-medium\" name=\"wpforms[fields][6]\" >\n\t\t<\/div>\n\t\t<div id=\"wpforms-835-field_1-container\" class=\"wpforms-field wpforms-field-name\" data-field-type=\"name\" data-field-id=\"1\"><fieldset><legend class=\"wpforms-field-label\">Name <span class=\"wpforms-required-label\" aria-hidden=\"true\">*<\/span><\/legend><div class=\"wpforms-field-row wpforms-field-medium\"><div class=\"wpforms-field-row-block wpforms-first wpforms-one-half\"><input type=\"text\" id=\"wpforms-835-field_1\" class=\"wpforms-field-name-first wpforms-field-required\" name=\"wpforms[fields][1][first]\" placeholder=\"Nennen Sie Ihren Namen\" aria-errormessage=\"wpforms-835-field_1-error\" required><label for=\"wpforms-835-field_1\" class=\"wpforms-field-sublabel after wpforms-sublabel-hide\">Vorname<\/label><\/div><div class=\"wpforms-field-row-block wpforms-one-half\"><input type=\"text\" id=\"wpforms-835-field_1-last\" class=\"wpforms-field-name-last wpforms-field-required\" name=\"wpforms[fields][1][last]\" placeholder=\"Nennen Sie Ihren Namen\" aria-errormessage=\"wpforms-835-field_1-last-error\" required><label for=\"wpforms-835-field_1-last\" class=\"wpforms-field-sublabel after wpforms-sublabel-hide\">Nachname<\/label><\/div><\/div><\/fieldset><\/div><div id=\"wpforms-835-field_5-container\" class=\"wpforms-field wpforms-field-layout\" data-field-type=\"layout\" data-field-id=\"5\"><div class=\"wpforms-field-layout-rows wpforms-field-large\"><div class=\"wpforms-layout-row\"><div class=\"wpforms-layout-column wpforms-layout-column-50\"><div id=\"wpforms-835-field_2-container\" class=\"wpforms-field wpforms-field-email\" data-field-type=\"email\" data-field-id=\"2\"><label class=\"wpforms-field-label\" for=\"wpforms-835-field_2\">E-Mail Adresse <span class=\"wpforms-required-label\" aria-hidden=\"true\">*<\/span><\/label><input type=\"email\" id=\"wpforms-835-field_2\" class=\"wpforms-field-small wpforms-field-required\" name=\"wpforms[fields][2]\" spellcheck=\"false\" aria-errormessage=\"wpforms-835-field_2-error\" required><\/div><\/div><div class=\"wpforms-layout-column wpforms-layout-column-50\"><div id=\"wpforms-835-field_4-container\" class=\"wpforms-field wpforms-field-phone\" data-field-type=\"phone\" data-field-id=\"4\"><label class=\"wpforms-field-label\" for=\"wpforms-835-field_4\">Telefon<\/label><input type=\"tel\" id=\"wpforms-835-field_4\" class=\"wpforms-field-small wpforms-smart-phone-field\" data-rule-smart-phone-field=\"true\" name=\"wpforms[fields][4]\" aria-label=\"Telefon\" aria-errormessage=\"wpforms-835-field_4-error\" ><\/div><\/div><\/div><\/div><\/div><div id=\"wpforms-835-field_3-container\" class=\"wpforms-field wpforms-field-textarea\" data-field-type=\"textarea\" data-field-id=\"3\"><label class=\"wpforms-field-label\" for=\"wpforms-835-field_3\">Nachricht <span class=\"wpforms-required-label\" aria-hidden=\"true\">*<\/span><\/label><textarea id=\"wpforms-835-field_3\" class=\"wpforms-field-medium wpforms-field-required\" name=\"wpforms[fields][3]\" aria-errormessage=\"wpforms-835-field_3-error\" required><\/textarea><\/div><script>\n\t\t\t\t( function() {\n\t\t\t\t\tconst style = document.createElement( 'style' );\n\t\t\t\t\tstyle.appendChild( document.createTextNode( '#wpforms-835-field_6-container { position: absolute !important; overflow: hidden !important; display: inline !important; height: 1px !important; width: 1px !important; z-index: -1000 !important; padding: 0 !important; } #wpforms-835-field_6-container input { visibility: hidden; } #wpforms-conversational-form-page #wpforms-835-field_6-container label { counter-increment: none; }' ) );\n\t\t\t\t\tdocument.head.appendChild( style );\n\t\t\t\t\tdocument.currentScript?.remove();\n\t\t\t\t} )();\n\t\t\t<\/script><\/div><!-- .wpforms-field-container --><div class=\"wpforms-recaptcha-container wpforms-is-recaptcha wpforms-is-recaptcha-type-v3\" ><input type=\"hidden\" name=\"wpforms[recaptcha]\" value=\"\"><\/div><div class=\"wpforms-submit-container\" ><input type=\"hidden\" name=\"wpforms[id]\" value=\"835\"><input type=\"hidden\" name=\"page_title\" value=\"\"><input type=\"hidden\" name=\"page_url\" value=\"https:\/\/ibellavistosa.com\/de\/wp-json\/wp\/v2\/pages\/750\"><input type=\"hidden\" name=\"url_referer\" value=\"\"><button type=\"submit\" name=\"wpforms[submit]\" id=\"wpforms-submit-835\" class=\"wpforms-submit\" data-alt-text=\"Wysy\u0142anie...\" data-submit-text=\"Prze\u015blij\" aria-live=\"assertive\" value=\"wpforms-submit\">Senden Sie<\/button><img decoding=\"async\" src=\"https:\/\/ibellavistosa.com\/wp-content\/plugins\/wpforms\/assets\/images\/submit-spin.svg\" class=\"wpforms-submit-spinner\" style=\"display: none;\" width=\"26\" height=\"26\" alt=\"Wird geladen\"><\/div><input type=\"hidden\" name=\"trp-form-language\" value=\"de\"\/><\/form><\/div>  <!-- .wpforms-container -->\t\t\t\t<\/div>\n\t\t\t\t<\/div>\n\t\t\t\t<\/div>\n\t\t\t\t\t<\/div>\n\t\t\t\t<\/div>\n\t\t\t\t<\/div>","protected":false},"excerpt":{"rendered":"<p>Kontakt Nie tra\u0107 czasu, b\u0105d\u017amy w kontakcie Odezwij si\u0119 \u2013 reszt\u0105 zajmiemy si\u0119 my Opowiedz nam kr\u00f3tko o swoim pomy\u015ble na wyjazd do Turcji. W odpowiedzi otrzymasz wst\u0119pn\u0105 propozycj\u0119 wsp\u00f3\u0142pracy lub konkretne pytania, kt\u00f3re pozwol\u0105 nam przygotowa\u0107 dla Ciebie spersonalizowan\u0105 ofert\u0119. Aby wype\u0142ni\u0107 ten formularz, w\u0142\u0105cz obs\u0142ug\u0119 JavaScript w przegl\u0105darce.Aby wype\u0142ni\u0107 ten formularz, w\u0142\u0105cz obs\u0142ug\u0119 [&hellip;]<\/p>","protected":false},"author":1,"featured_media":0,"parent":0,"menu_order":0,"comment_status":"closed","ping_status":"closed","template":"elementor_header_footer","meta":{"inline_featured_image":false,"footnotes":""},"class_list":["post-750","page","type-page","status-publish","hentry"],"aioseo_notices":[],"_hostinger_reach_plugin_has_subscription_block":false,"_hostinger_reach_plugin_is_elementor":false,"_links":{"self":[{"href":"https:\/\/ibellavistosa.com\/de\/wp-json\/wp\/v2\/pages\/750","targetHints":{"allow":["GET"]}}],"collection":[{"href":"https:\/\/ibellavistosa.com\/de\/wp-json\/wp\/v2\/pages"}],"about":[{"href":"https:\/\/ibellavistosa.com\/de\/wp-json\/wp\/v2\/types\/page"}],"author":[{"embeddable":true,"href":"https:\/\/ibellavistosa.com\/de\/wp-json\/wp\/v2\/users\/1"}],"replies":[{"embeddable":true,"href":"https:\/\/ibellavistosa.com\/de\/wp-json\/wp\/v2\/comments?post=750"}],"version-history":[{"count":31,"href":"https:\/\/ibellavistosa.com\/de\/wp-json\/wp\/v2\/pages\/750\/revisions"}],"predecessor-version":[{"id":886,"href":"https:\/\/ibellavistosa.com\/de\/wp-json\/wp\/v2\/pages\/750\/revisions\/886"}],"wp:attachment":[{"href":"https:\/\/ibellavistosa.com\/de\/wp-json\/wp\/v2\/media?parent=750"}],"curies":[{"name":"wp","href":"https:\/\/api.w.org\/{rel}","templated":true}]}}